{"id":729,"date":"2024-12-26T16:35:17","date_gmt":"2024-12-26T15:35:17","guid":{"rendered":"https:\/\/meribel-3v.com\/?post_type=product&#038;p=729"},"modified":"2024-12-26T16:46:48","modified_gmt":"2024-12-26T15:46:48","slug":"geneve-meribel-courchevel","status":"publish","type":"product","link":"https:\/\/meribel-3v.com\/en\/product\/deplacements\/aerien\/geneve-meribel-courchevel\/","title":{"rendered":"Gen\u00e8ve > M\u00e9ribel\/Courchevel"},"content":{"rendered":"<p>Enjoy exceptional comfort with our private drivers available 24\/7 for a personalized welcome and a secure transfer. Travel in style in our fleet of luxury vehicles, or choose our helicopters and private jets for a stay without wasting time.<\/p>\n<p><em>Type H125 (maximum 5 people)<\/em><br \/>\n<em>Type H 130 (8 people maximum)<\/em><\/p>","protected":false},"excerpt":{"rendered":"<p>B\u00e9n\u00e9ficiez d\u2019un confort exceptionnel avec nos chauffeurs priv\u00e9s disponibles 24h\/24, 7j\/7, pour un accueil personnalis\u00e9 et un transfert s\u00e9curis\u00e9. Voyagez en toute \u00e9l\u00e9gance dans notre flotte de v\u00e9hicules de luxe, ou choisissez nos h\u00e9licopt\u00e8res et jets priv\u00e9s pour un s\u00e9jour sans perte de temps. Type H125 (5 personnes maximum) Type H 130 (8 personens maximum)<\/p>","protected":false},"featured_media":581,"comment_status":"open","ping_status":"closed","template":"","meta":{"_acf_changed":false},"product_brand":[],"product_cat":[16,43],"product_tag":[],"class_list":{"0":"post-729","1":"product","2":"type-product","3":"status-publish","4":"has-post-thumbnail","6":"product_cat-deplacements","7":"product_cat-aerien","8":"wcpa_has_options","10":"first","11":"instock","12":"shipping-taxable","13":"purchasable","14":"product-type-simple"},"acf":[],"wcpa_form_fields":{"wcpaData":{"product":{"product_price":4715,"price_html":"<span class=\"woocommerce-Price-amount amount\"><bdi>4,715.00&nbsp;<span class=\"woocommerce-Price-currencySymbol\">&euro;<\/span><\/bdi><\/span>","original_product_price":4715,"price_including_tax":4715,"price_excluding_tax":4715,"product_id":{"parent":729,"variation":false},"is_variable":false,"stock_status":"instock","stock_quantity":null,"parent_sku":"","product_attributes":[],"custom_fields":[],"is_taxable":false,"product_name":"Gen\u00e8ve > M\u00e9ribel\/Courchevel"},"fields":{"sec_067768db21bf44":{"extra":{"key":"sec_067768db21bf44","section_id":"sec_067768db21bf44","name":"Default","status":1,"toggle":true,"className":"transport-booking-form","form_id":1244,"form_rules":{"exclude_from_discount":false,"fee_label":"Frais","disp_hide_options_price":false,"disp_show_section_price":false,"disp_show_field_price":true,"layout_option":"standard","pric_use_as_fee":false,"process_fee_as":"woo_fee"},"layout_option":"standard"},"fields":[[{"active":true,"col":3,"relations":false,"cl_rule":"show","enableCl":false,"price":"","enablePrice":false,"className":"","type":"date","required":true,"elementId":"date_2279685923","name":"booking-date","label":"Date","picker_type":"custom","picker_mode":"single","error":false,"min_date":{"type":"days","val":"1"},"requiredError":"","enableDesign":false,"date_pic_conf":{"dateFormat":"d-m-y"},"gt_translate_keys":["label","requiredError"],"price_dependency":false,"cl_dependency":false,"value":""},{"label":"Num\u00e9ro d'appartement","active":true,"required":true,"elementId":"text-4369540404","value":"","name":"booking-apartment-number","label_position":"default","desc_position":"default","enablePrice":false,"className":"","enableCl":false,"relations":false,"requiredError":"","subtype":"text","price":"","cl_rule":"show","col":3,"type":"text","error":false,"gt_translate_keys":["label","value","requiredError"],"price_dependency":false,"cl_dependency":false}],[{"active":true,"col":3,"relations":false,"cl_rule":"show","enableCl":false,"price":"","enablePrice":false,"className":"","label_position":"default","desc_position":"default","type":"text","subtype":"text","required":true,"elementId":"text_3309358457","label":"Num\u00e9ro de vol","name":"booking-flight-number","value":"","error":false,"requiredError":"","gt_translate_keys":["label","value","requiredError"],"price_dependency":false,"cl_dependency":false},{"active":true,"col":3,"relations":false,"cl_rule":"show","enableCl":false,"price":"","enablePrice":false,"className":"","label_position":"default","desc_position":"default","type":"time","required":true,"elementId":"time_1703392632","name":"booking-flight-time","label":"Heure d\u2019arriv\u00e9e\/d\u00e9part de vol","picker_type":"custom","timeLayout":"type_2","error":false,"timeStep":"15","gt_translate_keys":["label"],"price_dependency":false,"cl_dependency":false,"value":""}],[{"active":true,"col":3,"relations":false,"cl_rule":"show","enableCl":false,"price":"","enablePrice":false,"className":"","label_position":"default","desc_position":"default","type":"number","required":true,"elementId":"number_8232700961","label":"Nombre de Personnes","name":"booking-number-of-persons","value":"","error":false,"requiredError":"","gt_translate_keys":["label","value","requiredError"],"price_dependency":false,"cl_dependency":false},{"label":"Nombre de valises","active":true,"required":true,"elementId":"number-9982587049","value":"","name":"booking-number-of-suitcases","label_position":"default","desc_position":"default","enablePrice":false,"className":"","enableCl":false,"relations":false,"requiredError":"","price":"","cl_rule":"show","col":3,"type":"number","error":false,"gt_translate_keys":["label","value","requiredError"],"price_dependency":false,"cl_dependency":false}],[{"label":"Lieu de prise en charge","active":true,"required":true,"elementId":"text-6044489981","value":"","name":"booking-pickup","label_position":"default","desc_position":"default","enablePrice":false,"className":"","enableCl":false,"relations":false,"requiredError":"","subtype":"text","price":"","cl_rule":"show","col":3,"type":"text","error":false,"gt_translate_keys":["label","value","requiredError"],"price_dependency":false,"cl_dependency":false},{"label":"Lieu de d\u00e9pose","active":true,"required":true,"elementId":"text-0445708126","value":"","name":"booking-drop-off","label_position":"default","desc_position":"default","enablePrice":false,"className":"","enableCl":false,"relations":false,"requiredError":"","subtype":"text","price":"","cl_rule":"show","col":3,"type":"text","error":false,"gt_translate_keys":["label","value","requiredError"],"price_dependency":false,"cl_dependency":false}]]}},"config":{"price_override":"","enable_recaptcha":false,"bind_quantity":false,"quantity_bind_formula":false,"disp_summ_show_option_price":true,"disp_summ_show_product_price":true,"disp_summ_show_total_price":true,"disp_summ_show_fee":false,"disp_summ_show_discount":false,"summary_title":"","options_total_label":"Prix \u200b\u200bdes options","total_label":"Total","options_product_label":"Prix \u200b\u200bdu produit","fee_label":"Frais","discount_label":"Remise","has_price":true,"has_quantity_formula":false},"mc_unit":1,"tax_rate":1,"tax_rate_real":1,"discount":{"percentage":0,"fixed":0},"design":{"conf":{"LabelPosition":"above","DescPosition":"above","UploadField":"custom_1","QuantityFieldStyle":"default"},"css":{"LeftLabelWidth":"120px"}},"formulas":[],"clones":false,"cartKey":false}},"_links":{"self":[{"href":"https:\/\/meribel-3v.com\/en\/wp-json\/wp\/v2\/product\/729","targetHints":{"allow":["GET"]}}],"collection":[{"href":"https:\/\/meribel-3v.com\/en\/wp-json\/wp\/v2\/product"}],"about":[{"href":"https:\/\/meribel-3v.com\/en\/wp-json\/wp\/v2\/types\/product"}],"replies":[{"embeddable":true,"href":"https:\/\/meribel-3v.com\/en\/wp-json\/wp\/v2\/comments?post=729"}],"wp:featuredmedia":[{"embeddable":true,"href":"https:\/\/meribel-3v.com\/en\/wp-json\/wp\/v2\/media\/581"}],"wp:attachment":[{"href":"https:\/\/meribel-3v.com\/en\/wp-json\/wp\/v2\/media?parent=729"}],"wp:term":[{"taxonomy":"product_brand","embeddable":true,"href":"https:\/\/meribel-3v.com\/en\/wp-json\/wp\/v2\/product_brand?post=729"},{"taxonomy":"product_cat","embeddable":true,"href":"https:\/\/meribel-3v.com\/en\/wp-json\/wp\/v2\/product_cat?post=729"},{"taxonomy":"product_tag","embeddable":true,"href":"https:\/\/meribel-3v.com\/en\/wp-json\/wp\/v2\/product_tag?post=729"}],"curies":[{"name":"wp","href":"https:\/\/api.w.org\/{rel}","templated":true}]}}