{"id":1828,"date":"2025-01-21T20:21:08","date_gmt":"2025-01-21T19:21:08","guid":{"rendered":"https:\/\/meribel-3v.com\/?post_type=product&#038;p=1828"},"modified":"2025-01-21T20:21:24","modified_gmt":"2025-01-21T19:21:24","slug":"service-de-housekeeping-pour-les-locataires-recouche-a-lheure","status":"publish","type":"product","link":"https:\/\/meribel-3v.com\/en\/product\/sejour\/locataire-recouche-a-lheure\/service-de-housekeeping-pour-les-locataires-recouche-a-lheure\/","title":{"rendered":"Housekeeping Services For Renters (Stayover service by the hour)"},"content":{"rendered":"<p>Valid for owners' stays only, you can order your services here for your stay 48 hours in advance. Depending on the agreements, this service is available daily from noon to 5:00 PM. The service hours may vary depending on the occupancy rate of the residence and the availability of the teams. Please note that when you place the order, you will pay for the service, and any additional charges (flat sheets, sponges, welcome products, and consumables) will be billed at the end of the service based on your usage.<\/p>","protected":false},"excerpt":{"rendered":"<p>Valable pour les s\u00e9jours des propri\u00e9taires uniquement, vous pouvez commander ici vos prestations pour vos s\u00e9jours 48 heures \u00e0 l\u2019avance. Selon les accords, ce service est disponible tous les jours de midi \u00e0 17 heures. Les horaires d\u2019intervention peuvent varier selon le taux d\u2019occupation de la r\u00e9sidence et la disponibilit\u00e9 des \u00e9quipes. Veuillez noter qu\u2019\u00e0 [&hellip;]<\/p>\n","protected":false},"featured_media":1822,"comment_status":"open","ping_status":"closed","template":"","meta":{"_acf_changed":false},"product_brand":[],"product_cat":[86],"product_tag":[],"class_list":{"0":"post-1828","1":"product","2":"type-product","3":"status-publish","4":"has-post-thumbnail","6":"product_cat-locataire-recouche-a-lheure","7":"wcpa_has_options","9":"first","10":"instock","11":"shipping-taxable","12":"purchasable","13":"product-type-simple"},"acf":[],"wcpa_form_fields":{"wcpaData":{"product":{"product_price":0,"price_html":"<span class=\"woocommerce-Price-amount amount\"><bdi>0.00&nbsp;<span class=\"woocommerce-Price-currencySymbol\">&euro;<\/span><\/bdi><\/span>","original_product_price":0,"price_including_tax":0,"price_excluding_tax":0,"product_id":{"parent":1828,"variation":false},"is_variable":false,"stock_status":"instock","stock_quantity":null,"parent_sku":"","product_attributes":[],"custom_fields":[],"is_taxable":false,"product_name":"Service de housekeeping pour les locataires (Recouche \u00e0 l\u2019heure)"},"fields":{"sec_2678fef56c3b3c":{"extra":{"key":"sec_2678fef56c3b3c","section_id":"sec_2678fef56c3b3c","name":"Default","status":1,"cl_rule":"show","enableCl":false,"relations":[],"toggle":true,"title_tag":"h3","show_title":false,"showPrice":"default","className":"housekeeping-booking-form","form_id":1826,"form_rules":{"exclude_from_discount":false,"fee_label":"Frais","disp_hide_options_price":false,"disp_show_section_price":false,"disp_show_field_price":true,"layout_option":"standard","pric_use_as_fee":false,"process_fee_as":"woo_fee"},"layout_option":"standard"},"fields":[[{"active":true,"col":3,"relations":false,"cl_rule":"show","enableCl":false,"price":"","enablePrice":false,"className":"client-name","label_position":"default","desc_position":"default","type":"text","subtype":"text","required":true,"elementId":"text_4678fef56c3b51","label":"Nom du locataire","name":"client-name","value":"","error":false,"gt_translate_keys":["label","value"],"price_dependency":false,"cl_dependency":false},{"active":true,"col":3,"relations":false,"cl_rule":"show","enableCl":false,"price":"","enablePrice":false,"className":"no-appartement","label_position":"default","desc_position":"default","type":"select","required":true,"elementId":"select_8687734510","label":"Num\u00e9ro d'appartement","name":"no-appartement","values":[{"label":"MIRA-001","value":"MIRA-001","selected":false,"tempId":"aco_286","gt_translate_keys":["label"]},{"label":"MIRA-002","value":"MIRA-002","selected":false,"tempId":"aco_380","gt_translate_keys":["label"]},{"label":"MIRA-102","value":"MIRA-102","selected":false,"tempId":"aco_400","gt_translate_keys":["label"]},{"label":"MIRA-202","value":"MIRA-202","selected":false,"tempId":"aco_420","gt_translate_keys":["label"]},{"label":"MIRA-301D","value":"MIRA-301D","selected":false,"tempId":"aco_440","gt_translate_keys":["label"]},{"label":"STELLA-001","value":"STELLA-001","selected":false,"tempId":"aco_460","gt_translate_keys":["label"]},{"label":"STELLA-002","value":"STELLA-002","selected":false,"tempId":"aco_480","gt_translate_keys":["label"]},{"label":"STELLA-101","value":"STELLA-101","selected":false,"tempId":"aco_500","gt_translate_keys":["label"]},{"label":"NAOS-101","value":"NAOS-101","selected":false,"tempId":"aco_520","gt_translate_keys":["label"]},{"label":"NAOS-102","value":"NAOS-102","selected":false,"tempId":"aco_540","gt_translate_keys":["label"]},{"label":"NAOS-201","value":"NAOS-201","selected":false,"tempId":"aco_560","gt_translate_keys":["label"]},{"label":"NAOS-202","value":"NAOS-202","selected":false,"tempId":"aco_580","gt_translate_keys":["label"]},{"label":"NAOS-203D","value":"NAOS-203D","selected":false,"tempId":"aco_600","gt_translate_keys":["label"]},{"label":"NAOS-204D","value":"NAOS-204D","selected":false,"tempId":"aco_620","gt_translate_keys":["label"]},{"label":"NAOS-301","value":"NAOS-301","selected":false,"tempId":"aco_640","gt_translate_keys":["label"]},{"label":"NAOS-302","value":"NAOS-302","selected":false,"tempId":"aco_660","gt_translate_keys":["label"]},{"label":"NAOS-303","value":"NAOS-303","selected":false,"tempId":"aco_680","gt_translate_keys":["label"]},{"label":"NAOS-401","value":"NAOS-401","selected":false,"tempId":"aco_700","gt_translate_keys":["label"]},{"label":"NAOS-402","value":"NAOS-402","selected":false,"tempId":"aco_720","gt_translate_keys":["label"]},{"label":"NAOS-501D","value":"NAOS-501D","selected":false,"tempId":"aco_1388","gt_translate_keys":["label"]},{"label":"SIRIUS-001","value":"SIRIUS-001","selected":false,"tempId":"aco_1408","gt_translate_keys":["label"]},{"label":"SIRIUS-101","value":"SIRIUS-101","selected":false,"tempId":"aco_1428","gt_translate_keys":["label"]},{"label":"SIRIUS-201","value":"SIRIUS-201","selected":false,"tempId":"aco_1448","gt_translate_keys":["label"]},{"label":"SIRIUS-301","value":"SIRIUS-301","selected":false,"tempId":"aco_1468","gt_translate_keys":["label"]},{"label":"SIRIUS-302","value":"SIRIUS-302","selected":false,"tempId":"aco_1488","gt_translate_keys":["label"]},{"label":"SIRIUS-303","value":"SIRIUS-303","selected":false,"tempId":"aco_1652","gt_translate_keys":["label"]},{"label":"SIRIUS-304","value":"SIRIUS-304","selected":false,"tempId":"aco_1672","gt_translate_keys":["label"]},{"label":"SIRIUS-401","value":"SIRIUS-401","selected":false,"tempId":"aco_1692","gt_translate_keys":["label"]},{"label":"SIRIUS-402","value":"SIRIUS-402","selected":false,"tempId":"aco_1712","gt_translate_keys":["label"]},{"label":"SIRIUS-403","value":"SIRIUS-403","selected":false,"tempId":"aco_1732","gt_translate_keys":["label"]},{"label":"SIRIUS-501","value":"SIRIUS-501","selected":false,"tempId":"aco_1752","gt_translate_keys":["label"]},{"label":"SIRIUS-502","value":"SIRIUS-502","selected":false,"tempId":"aco_2060","gt_translate_keys":["label"]},{"label":"SIRIUS-503","value":"SIRIUS-503","selected":false,"tempId":"aco_2080","gt_translate_keys":["label"]},{"label":"ORION-001","value":"ORION-001","selected":false,"tempId":"aco_2100","gt_translate_keys":["label"]},{"label":"ORION-002","value":"ORION-002","selected":false,"tempId":"aco_2120","gt_translate_keys":["label"]},{"label":"ORION-101","value":"ORION-101","selected":false,"tempId":"aco_2212","gt_translate_keys":["label"]},{"label":"ORION-102","value":"ORION-102","selected":false,"tempId":"aco_2232","gt_translate_keys":["label"]},{"label":"ORION-201","value":"ORION-201","selected":false,"tempId":"aco_2252","gt_translate_keys":["label"]},{"label":"ORION-202","value":"ORION-202","selected":false,"tempId":"aco_2272","gt_translate_keys":["label"]},{"label":"ORION-301","value":"ORION-301","selected":false,"tempId":"aco_2292","gt_translate_keys":["label"]},{"label":"URSA-001","value":"URSA-001","selected":false,"tempId":"aco_2312","gt_translate_keys":["label"]},{"label":"URSA-002","value":"URSA-002","selected":false,"tempId":"aco_2584","gt_translate_keys":["label"]},{"label":"URSA-101","value":"URSA-101","selected":false,"tempId":"aco_2604","gt_translate_keys":["label"]},{"label":"URSA-102","value":"URSA-102","selected":false,"tempId":"aco_2624","gt_translate_keys":["label"]},{"label":"URSA-201","value":"URSA-201","selected":false,"tempId":"aco_2644","gt_translate_keys":["label"]},{"label":"URSA-202","value":"URSA-202","selected":false,"tempId":"aco_2664","gt_translate_keys":["label"]},{"label":"URSA-203","value":"URSA-203","selected":false,"tempId":"aco_2684","gt_translate_keys":["label"]},{"label":"URSA-301","value":"URSA-301","selected":false,"tempId":"aco_2704","gt_translate_keys":["label"]},{"label":"URSA-302","value":"URSA-302","selected":false,"tempId":"aco_2724","gt_translate_keys":["label"]},{"label":"URSA-303","value":"URSA-303","selected":false,"tempId":"aco_3068","gt_translate_keys":["label"]},{"label":"URSA-304","value":"URSA-304","selected":false,"tempId":"aco_3088","gt_translate_keys":["label"]},{"label":"URSA-401","value":"URSA-401","selected":false,"tempId":"aco_3108","gt_translate_keys":["label"]},{"label":"URSA-402","value":"URSA-402","selected":false,"tempId":"aco_3128","gt_translate_keys":["label"]},{"label":"URSA-403","value":"URSA-403","selected":false,"tempId":"aco_3148","gt_translate_keys":["label"]},{"label":"URSA-501","value":"URSA-501","selected":false,"tempId":"aco_3348","gt_translate_keys":["label"]},{"label":"URSA-601","value":"URSA-601","selected":false,"tempId":"aco_3368","gt_translate_keys":["label"]},{"label":"LUNA","value":"LUNA","selected":false,"tempId":"aco_3388","gt_translate_keys":["label"]}],"dropdown_type":"custom","error":false,"gt_translate_keys":["label"],"price_dependency":false,"cl_dependency":false,"value":""}],[{"active":true,"col":2,"relations":false,"cl_rule":"show","enableCl":false,"price":"10","enablePrice":false,"className":"booking-date","label_position":"default","desc_position":"default","type":"date","required":true,"elementId":"date_7678fef56c3b5b","name":"booking-date","label":"Date","picker_type":"custom","picker_mode":"single","error":false,"min_date":{"type":"days","val":2},"enableDesign":false,"pricingType":"fixed","isTemplate":false,"use_as_fee":true,"cartLabel":"","fee_label":"","gt_translate_keys":["label"],"price_dependency":false,"cl_dependency":false,"value":""},{"active":true,"col":2,"relations":false,"cl_rule":"show","enableCl":false,"price":"","enablePrice":false,"className":"booking-time","label_position":"default","desc_position":"default","type":"time","required":true,"elementId":"time_0678fef56c3b5e","name":"booking-time","label":"Heure d'intervention souhait\u00e9e","picker_type":"custom","error":false,"timeLayout":"type_2","timeStep":"15","minTime":"12:00","maxTime":"17:00","gt_translate_keys":["label"],"price_dependency":false,"cl_dependency":false,"value":""},{"active":true,"col":2,"relations":false,"cl_rule":"show","enableCl":false,"price":"60","enablePrice":true,"className":"booking-duration","label_position":"default","desc_position":"default","type":"number","required":true,"elementId":"number_5678fef56c3b62","label":"Nombre d'heures","name":"booking-duration","value":"1","error":false,"pricingType":"multiply","use_as_fee":false,"isTemplate":false,"min":"1","gt_translate_keys":["label","value"],"price_dependency":false,"cl_dependency":false}],[{"active":true,"col":6,"relations":false,"cl_rule":"show","enableCl":false,"price":"","enablePrice":true,"className":"service-housekeeping","label_position":"default","desc_position":"default","type":"select","required":false,"elementId":"select_9678fef56c3b68","label":"Service","name":"select_9678fef56c3b68","values":[{"label":"Changement drap\/lit complet","value":"Changement drap\/lit complet","selected":false,"price":"34","tempId":"aco_1286","gt_translate_keys":["label"]},{"label":"Peignoir","value":"Peignoir","selected":false,"price":"10","tempId":"aco_1287","gt_translate_keys":["label"]},{"label":"Grande Serviette","value":"Grande Serviette","selected":false,"price":"6","tempId":"aco_1288","gt_translate_keys":["label"]},{"label":"Petite Serviette","value":"Petite Serviette","selected":false,"tempId":"aco_1811","price":"6","gt_translate_keys":["label"]},{"label":"Serviette Piscine","value":"Serviette Piscine","selected":false,"tempId":"aco_3880","price":"6","gt_translate_keys":["label"]},{"label":"Paire Chausson","value":"Paire Chausson","selected":false,"tempId":"aco_1909","price":"6","gt_translate_keys":["label"]},{"label":"Kit Produits d'accueil\/salle de bains","value":"Kit Produits d'accueil\/salle de bains","selected":false,"tempId":"aco_1919","price":"62","gt_translate_keys":["label"]},{"label":"Kit Cuisine","value":"Kit Cuisine","selected":false,"tempId":"aco_1929","price":"8","gt_translate_keys":["label"]},{"label":"Sac Poubelle","value":"Sac Poubelle","selected":false,"tempId":"aco_2578","price":"1","gt_translate_keys":["label"]},{"label":"Papier Toilette","value":"Papier Toilette","selected":false,"tempId":"aco_2588","price":"1","gt_translate_keys":["label"]},{"label":"Torchon","value":"Torchon","selected":false,"tempId":"aco_2598","price":"2","gt_translate_keys":["label"]}],"dropdown_type":"custom","error":false,"priceOptions":"different_for_all","pricingType":"fixed","enable_quantity":true,"quantity_label":"Quantit\u00e9","repeater":true,"repeater_field_label":"{field_label}","repeater_bind":"","repeater_add_label":"Rajouter","repeater_remove_label":"Enlever","placeholder":"","min_quantity":"0","max_quantity":"","gt_translate_keys":["label","placeholder","repeater_field_label","repeater_add_label","repeater_remove_label","quantity_label"],"price_dependency":false,"cl_dependency":false,"value":""}],[{"active":true,"col":6,"relations":false,"cl_rule":"show","enableCl":false,"price":"","enablePrice":false,"className":"booking-comments","label_position":"default","desc_position":"default","type":"textarea","required":false,"elementId":"textarea_0678fef56c3b6c","label":"Commentaires","name":"textarea_0678fef56c3b6c","value":"","rows":"4","error":false,"gt_translate_keys":["label","value"],"price_dependency":false,"cl_dependency":false}]]}},"config":{"price_override":"","enable_recaptcha":false,"bind_quantity":false,"quantity_bind_formula":false,"disp_summ_show_option_price":true,"disp_summ_show_product_price":true,"disp_summ_show_total_price":true,"disp_summ_show_fee":false,"disp_summ_show_discount":false,"summary_title":"","options_total_label":"Prix \u200b\u200bdes options","total_label":"Total","options_product_label":"Prix \u200b\u200bdu produit","fee_label":"Frais","discount_label":"Remise","has_price":true,"has_quantity_formula":false},"mc_unit":1,"tax_rate":1,"tax_rate_real":1,"discount":{"percentage":0,"fixed":0},"design":{"conf":{"LabelPosition":"above","DescPosition":"above","UploadField":"custom_1","QuantityFieldStyle":"default"},"css":{"LeftLabelWidth":"120px"}},"formulas":[],"clones":false,"cartKey":false}},"_links":{"self":[{"href":"https:\/\/meribel-3v.com\/en\/wp-json\/wp\/v2\/product\/1828","targetHints":{"allow":["GET"]}}],"collection":[{"href":"https:\/\/meribel-3v.com\/en\/wp-json\/wp\/v2\/product"}],"about":[{"href":"https:\/\/meribel-3v.com\/en\/wp-json\/wp\/v2\/types\/product"}],"replies":[{"embeddable":true,"href":"https:\/\/meribel-3v.com\/en\/wp-json\/wp\/v2\/comments?post=1828"}],"wp:featuredmedia":[{"embeddable":true,"href":"https:\/\/meribel-3v.com\/en\/wp-json\/wp\/v2\/media\/1822"}],"wp:attachment":[{"href":"https:\/\/meribel-3v.com\/en\/wp-json\/wp\/v2\/media?parent=1828"}],"wp:term":[{"taxonomy":"product_brand","embeddable":true,"href":"https:\/\/meribel-3v.com\/en\/wp-json\/wp\/v2\/product_brand?post=1828"},{"taxonomy":"product_cat","embeddable":true,"href":"https:\/\/meribel-3v.com\/en\/wp-json\/wp\/v2\/product_cat?post=1828"},{"taxonomy":"product_tag","embeddable":true,"href":"https:\/\/meribel-3v.com\/en\/wp-json\/wp\/v2\/product_tag?post=1828"}],"curies":[{"name":"wp","href":"https:\/\/api.w.org\/{rel}","templated":true}]}}