{"id":1760,"date":"2025-01-21T13:56:33","date_gmt":"2025-01-21T12:56:33","guid":{"rendered":"https:\/\/meribel-3v.com\/?post_type=product&#038;p=1760"},"modified":"2025-11-21T09:51:28","modified_gmt":"2025-11-21T08:51:28","slug":"souvenir-de-nos-montagnes","status":"publish","type":"product","link":"https:\/\/meribel-3v.com\/en\/product\/sejour\/pour-votre-depart\/souvenir-de-nos-montagnes\/","title":{"rendered":"Souvenir from Our Mountains"},"content":{"rendered":"<p>Avant votre d\u00e9part, recevez un coffret de souvenirs gourmands de notre r\u00e9gion : sabl\u00e9s, fromages locaux et g\u00e9n\u00e9pi, pour prolonger vos souvenirs ou partager l\u2019exp\u00e9rience avec vos proches.<\/p>\n<p>Coffret Sabl\u00e9s de Savoie Myrtille &amp; Nature X 2<br \/>\nNonettes au Miel &amp; Myrtille X 2<br \/>\nBricelet ap\u00e9ritif au Beaufort X 2<br \/>\nBeaufort AOP 500 gms X 2<br \/>\nG\u00e9n\u00e9pi 700ml (Fleur de Sureau ou Myrtille Verveine) X 1<\/p>","protected":false},"excerpt":{"rendered":"<p>Avant votre d\u00e9part, recevez un coffret de souvenirs gourmands de notre r\u00e9gion : sabl\u00e9s, fromages locaux et g\u00e9n\u00e9pi, pour prolonger vos souvenirs ou partager l\u2019exp\u00e9rience avec vos proches. Coffret Sabl\u00e9s de Savoie Myrtille &amp; Nature X 2 Nonettes au Miel &amp; Myrtille X 2 Bricelet ap\u00e9ritif au Beaufort X 2 Beaufort AOP 500 gms X [&hellip;]<\/p>\n","protected":false},"featured_media":96,"comment_status":"open","ping_status":"closed","template":"","meta":{"_acf_changed":false},"product_brand":[],"product_cat":[87],"product_tag":[],"class_list":{"0":"post-1760","1":"product","2":"type-product","3":"status-publish","4":"has-post-thumbnail","6":"product_cat-pour-votre-depart","8":"first","9":"instock","10":"shipping-taxable","11":"purchasable","12":"product-type-simple"},"acf":[],"wcpa_form_fields":null,"_links":{"self":[{"href":"https:\/\/meribel-3v.com\/en\/wp-json\/wp\/v2\/product\/1760","targetHints":{"allow":["GET"]}}],"collection":[{"href":"https:\/\/meribel-3v.com\/en\/wp-json\/wp\/v2\/product"}],"about":[{"href":"https:\/\/meribel-3v.com\/en\/wp-json\/wp\/v2\/types\/product"}],"replies":[{"embeddable":true,"href":"https:\/\/meribel-3v.com\/en\/wp-json\/wp\/v2\/comments?post=1760"}],"wp:featuredmedia":[{"embeddable":true,"href":"https:\/\/meribel-3v.com\/en\/wp-json\/wp\/v2\/media\/96"}],"wp:attachment":[{"href":"https:\/\/meribel-3v.com\/en\/wp-json\/wp\/v2\/media?parent=1760"}],"wp:term":[{"taxonomy":"product_brand","embeddable":true,"href":"https:\/\/meribel-3v.com\/en\/wp-json\/wp\/v2\/product_brand?post=1760"},{"taxonomy":"product_cat","embeddable":true,"href":"https:\/\/meribel-3v.com\/en\/wp-json\/wp\/v2\/product_cat?post=1760"},{"taxonomy":"product_tag","embeddable":true,"href":"https:\/\/meribel-3v.com\/en\/wp-json\/wp\/v2\/product_tag?post=1760"}],"curies":[{"name":"wp","href":"https:\/\/api.w.org\/{rel}","templated":true}]}}