{"id":1759,"date":"2025-01-21T13:55:56","date_gmt":"2025-01-21T12:55:56","guid":{"rendered":"https:\/\/meribel-3v.com\/?post_type=product&#038;p=1759"},"modified":"2025-11-21T09:51:20","modified_gmt":"2025-11-21T08:51:20","slug":"accueil-en-douceur","status":"publish","type":"product","link":"https:\/\/meribel-3v.com\/en\/product\/sejour\/pour-votre-arrivee\/accueil-en-douceur\/","title":{"rendered":"Gentle Welcome"},"content":{"rendered":"<p>Commencez votre s\u00e9jour sereinement avec une s\u00e9lection raffin\u00e9e de boissons, ap\u00e9ritifs et douceurs pour les enfants, pour un r\u00e9veil tranquille et chaleureux dans votre chalet.<\/p>\n<p>Evian Premium 75 cl X 6<br \/>\nBadoit Rouge 75 cl (P\u00e9tillante) X 6<br \/>\nCoca Cola 33cl X 6<br \/>\nLait 1\/2 Ecr\u00e9m\u00e9 X 6<br \/>\nJus Alain Milliat 1 Ltr X 6 (2 Orange, 2 Ananas, 2 Abricot)<br \/>\nC\u00e9r\u00e9ales 50 gms X 10 (Choco, Country Mix, Avoine)<br \/>\nConfiture 30 gms X 10 (Framboise, Abricot, Orange, Myrtilles)<br \/>\nMiel fleurs de montagne 30 gms X 5<br \/>\nBarrette Caf\u00e9 Nespresso X 2<br \/>\nTh\u00e9 Dammann X 2 (Fruits Rouge, Noir, Eral Grey, Darjeeling)<br \/>\nRuinart Brut 75 cl X 1<br \/>\nM\u00e9lange Alpin X 2<br \/>\nM\u00e9lange Gourmet X 2<br \/>\nM\u00e9lange Haribo X 2<br \/>\nHaribo Fraise Tagada X 2<br \/>\nNoix de Cajou X 2<br \/>\nTerrine de Savoie X 2<br \/>\nRillettes de Savoie X 2<br \/>\nOlivade X 2<\/p>","protected":false},"excerpt":{"rendered":"<p>Commencez votre s\u00e9jour sereinement avec une s\u00e9lection raffin\u00e9e de boissons, ap\u00e9ritifs et douceurs pour les enfants, pour un r\u00e9veil tranquille et chaleureux dans votre chalet. Evian Premium 75 cl X 6 Badoit Rouge 75 cl (P\u00e9tillante) X 6 Coca Cola 33cl X 6 Lait 1\/2 Ecr\u00e9m\u00e9 X 6 Jus Alain Milliat 1 Ltr X 6 [&hellip;]<\/p>\n","protected":false},"featured_media":96,"comment_status":"open","ping_status":"closed","template":"","meta":{"_acf_changed":false},"product_brand":[],"product_cat":[83],"product_tag":[],"class_list":{"0":"post-1759","1":"product","2":"type-product","3":"status-publish","4":"has-post-thumbnail","6":"product_cat-pour-votre-arrivee","8":"first","9":"instock","10":"shipping-taxable","11":"purchasable","12":"product-type-simple"},"acf":[],"wcpa_form_fields":null,"_links":{"self":[{"href":"https:\/\/meribel-3v.com\/en\/wp-json\/wp\/v2\/product\/1759","targetHints":{"allow":["GET"]}}],"collection":[{"href":"https:\/\/meribel-3v.com\/en\/wp-json\/wp\/v2\/product"}],"about":[{"href":"https:\/\/meribel-3v.com\/en\/wp-json\/wp\/v2\/types\/product"}],"replies":[{"embeddable":true,"href":"https:\/\/meribel-3v.com\/en\/wp-json\/wp\/v2\/comments?post=1759"}],"wp:featuredmedia":[{"embeddable":true,"href":"https:\/\/meribel-3v.com\/en\/wp-json\/wp\/v2\/media\/96"}],"wp:attachment":[{"href":"https:\/\/meribel-3v.com\/en\/wp-json\/wp\/v2\/media?parent=1759"}],"wp:term":[{"taxonomy":"product_brand","embeddable":true,"href":"https:\/\/meribel-3v.com\/en\/wp-json\/wp\/v2\/product_brand?post=1759"},{"taxonomy":"product_cat","embeddable":true,"href":"https:\/\/meribel-3v.com\/en\/wp-json\/wp\/v2\/product_cat?post=1759"},{"taxonomy":"product_tag","embeddable":true,"href":"https:\/\/meribel-3v.com\/en\/wp-json\/wp\/v2\/product_tag?post=1759"}],"curies":[{"name":"wp","href":"https:\/\/api.w.org\/{rel}","templated":true}]}}