{"id":3677,"date":"2025-11-22T09:08:30","date_gmt":"2025-11-22T08:08:30","guid":{"rendered":"https:\/\/meribel-3v.com\/?page_id=3677"},"modified":"2025-11-23T09:35:41","modified_gmt":"2025-11-23T08:35:41","slug":"meribel","status":"publish","type":"page","link":"https:\/\/meribel-3v.com\/en\/meribel\/","title":{"rendered":"Meribel"},"content":{"rendered":"<div data-elementor-type=\"wp-page\" data-elementor-id=\"3677\" class=\"elementor elementor-3677\" data-elementor-post-type=\"page\">\n\t\t\t\t<div data-dce-background-image-url=\"https:\/\/meribel-3v.com\/wp-content\/uploads\/image001-scaled.jpg\" class=\"elementor-element elementor-element-a776ae8 e-flex e-con-boxed e-con e-parent\" data-id=\"a776ae8\" data-element_type=\"container\" data-e-type=\"container\" data-settings=\"{&quot;background_background&quot;:&quot;classic&quot;}\">\n\t\t\t\t\t<div class=\"e-con-inner\">\n\t\t\t\t\t<\/div>\n\t\t\t\t<\/div>\n\t\t<div class=\"elementor-element elementor-element-50a89bb e-flex e-con-boxed e-con e-parent\" data-id=\"50a89bb\" data-element_type=\"container\" data-e-type=\"container\">\n\t\t\t\t\t<div class=\"e-con-inner\">\n\t\t<div class=\"elementor-element elementor-element-41f76e4 e-flex e-con-boxed e-con e-child\" data-id=\"41f76e4\" data-element_type=\"container\" data-e-type=\"container\">\n\t\t\t\t\t<div class=\"e-con-inner\">\n\t\t\t\t<div data-dce-title-color=\"#FFFFFF\" class=\"elementor-element elementor-element-f31b6dc animated-slow elementor-widget-mobile__width-initial elementor-invisible elementor-widget elementor-widget-heading\" data-id=\"f31b6dc\" data-element_type=\"widget\" data-e-type=\"widget\" data-settings=\"{&quot;_animation&quot;:&quot;fadeIn&quot;}\" data-widget_type=\"heading.default\">\n\t\t\t\t<div class=\"elementor-widget-container\">\n\t\t\t\t\t<h3 class=\"elementor-heading-title elementor-size-default\">M\u00e9ribel : L\u2019art du luxe alpin<\/h3>\t\t\t\t<\/div>\n\t\t\t\t<\/div>\n\t\t\t\t<div class=\"elementor-element elementor-element-4b219df animated-slow elementor-invisible elementor-widget elementor-widget-text-editor\" data-id=\"4b219df\" data-element_type=\"widget\" data-e-type=\"widget\" data-settings=\"{&quot;_animation&quot;:&quot;fadeIn&quot;}\" data-widget_type=\"text-editor.default\">\n\t\t\t\t<div class=\"elementor-widget-container\">\n\t\t\t\t\t\t\t\t\t\u00c9crin confidentiel au c\u0153ur des 3 Vall\u00e9es, M\u00e9ribel est bien plus qu\u2019une station : c\u2019est une signature. Une destination rare o\u00f9 l\u2019\u00e9l\u00e9gance naturelle rencontre la sophistication, o\u00f9 chaque d\u00e9tail est pens\u00e9 pour celles et ceux qui recherchent avant tout la beaut\u00e9, la discr\u00e9tion et l\u2019excellence.\t\t\t\t\t\t\t\t<\/div>\n\t\t\t\t<\/div>\n\t\t\t\t\t<\/div>\n\t\t\t\t<\/div>\n\t\t\t\t\t<\/div>\n\t\t\t\t<\/div>\n\t\t<div class=\"elementor-element elementor-element-ce4d106 e-flex e-con-boxed e-con e-parent\" data-id=\"ce4d106\" data-element_type=\"container\" data-e-type=\"container\" data-settings=\"{&quot;background_background&quot;:&quot;classic&quot;}\">\n\t\t\t\t\t<div class=\"e-con-inner\">\n\t\t<div class=\"elementor-element elementor-element-6fb954e e-con-full e-flex e-con e-child\" data-id=\"6fb954e\" data-element_type=\"container\" data-e-type=\"container\">\n\t\t<div data-dce-background-image-url=\"https:\/\/meribel-3v.com\/wp-content\/uploads\/Photo-Meribel-lart-Histoire.jpg\" class=\"elementor-element elementor-element-88d9670 e-con-full e-flex e-con e-child\" data-id=\"88d9670\" data-element_type=\"container\" data-e-type=\"container\" data-settings=\"{&quot;background_background&quot;:&quot;classic&quot;}\">\n\t\t\t\t<\/div>\n\t\t<div class=\"elementor-element elementor-element-125dfde e-con-full e-flex e-con e-child\" data-id=\"125dfde\" data-element_type=\"container\" data-e-type=\"container\" data-settings=\"{&quot;background_background&quot;:&quot;classic&quot;}\">\n\t\t\t\t<div data-dce-title-color=\"#FFFFFF\" class=\"elementor-element elementor-element-597d0b8 animated-slow elementor-widget-mobile__width-initial elementor-invisible elementor-widget elementor-widget-heading\" data-id=\"597d0b8\" data-element_type=\"widget\" data-e-type=\"widget\" data-settings=\"{&quot;_animation&quot;:&quot;fadeIn&quot;}\" data-widget_type=\"heading.default\">\n\t\t\t\t<div class=\"elementor-widget-container\">\n\t\t\t\t\t<h3 class=\"elementor-heading-title elementor-size-default\">Une histoire fa\u00e7onn\u00e9e par le raffinement<\/h3>\t\t\t\t<\/div>\n\t\t\t\t<\/div>\n\t\t\t\t<div class=\"elementor-element elementor-element-afb7a9c animated-slow elementor-invisible elementor-widget elementor-widget-text-editor\" data-id=\"afb7a9c\" data-element_type=\"widget\" data-e-type=\"widget\" data-settings=\"{&quot;_animation&quot;:&quot;fadeIn&quot;}\" data-widget_type=\"text-editor.default\">\n\t\t\t\t<div class=\"elementor-widget-container\">\n\t\t\t\t\t\t\t\t\tN\u00e9e sous l\u2019impulsion de l\u2019aristocratie britannique dans les ann\u00e9es 1930, M\u00e9ribel a \u00e9t\u00e9 imagin\u00e9e comme un refuge montagnard \u00e0 l\u2019esth\u00e9tique ma\u00eetris\u00e9e. Loin des stations verticales et surcharg\u00e9es, elle s\u2019est construite autour d\u2019une vision : pr\u00e9server l\u2019\u00e2me alpine tout en lui offrant un suppl\u00e9ment d\u2019\u00e9l\u00e9gance. Bois sculpt\u00e9, pierre brute, chalets aux lignes harmonieuses\u2026 Cette coh\u00e9rence architecturale, unique dans les Alpes, conf\u00e8re \u00e0 M\u00e9ribel une atmosph\u00e8re chaleureuse, intacte et imm\u00e9diatement reconnaissable.\t\t\t\t\t\t\t\t<\/div>\n\t\t\t\t<\/div>\n\t\t\t\t<\/div>\n\t\t\t\t<\/div>\n\t\t<div class=\"elementor-element elementor-element-d3cbc47 e-con-full e-flex e-con e-child\" data-id=\"d3cbc47\" data-element_type=\"container\" data-e-type=\"container\">\n\t\t<div class=\"elementor-element elementor-element-10b1a68 e-con-full e-flex e-con e-child\" data-id=\"10b1a68\" data-element_type=\"container\" data-e-type=\"container\" data-settings=\"{&quot;background_background&quot;:&quot;classic&quot;}\">\n\t\t\t\t<div data-dce-title-color=\"#FFFFFF\" class=\"elementor-element elementor-element-8554e22 animated-slow elementor-widget-mobile__width-initial elementor-invisible elementor-widget elementor-widget-heading\" data-id=\"8554e22\" data-element_type=\"widget\" data-e-type=\"widget\" data-settings=\"{&quot;_animation&quot;:&quot;fadeIn&quot;}\" data-widget_type=\"heading.default\">\n\t\t\t\t<div class=\"elementor-widget-container\">\n\t\t\t\t\t<h3 class=\"elementor-heading-title elementor-size-default\">Une station exclusive, pour une client\u00e8le exigeante<\/h3>\t\t\t\t<\/div>\n\t\t\t\t<\/div>\n\t\t\t\t<div class=\"elementor-element elementor-element-b341ca4 animated-slow elementor-invisible elementor-widget elementor-widget-text-editor\" data-id=\"b341ca4\" data-element_type=\"widget\" data-e-type=\"widget\" data-settings=\"{&quot;_animation&quot;:&quot;fadeIn&quot;}\" data-widget_type=\"text-editor.default\">\n\t\t\t\t<div class=\"elementor-widget-container\">\n\t\t\t\t\t\t\t\t\tN\u00e9e sous l\u2019impulsion de l\u2019aristocratie britannique dans les ann\u00e9es 1930, M\u00e9ribel a \u00e9t\u00e9 imagin\u00e9e comme un refuge montagnard \u00e0 l\u2019esth\u00e9tique ma\u00eetris\u00e9e. Loin des stations verticales et surcharg\u00e9es, elle s\u2019est construite autour d\u2019une vision : pr\u00e9server l\u2019\u00e2me alpine tout en lui offrant un suppl\u00e9ment d\u2019\u00e9l\u00e9gance. Bois sculpt\u00e9, pierre brute, chalets aux lignes harmonieuses\u2026 Cette coh\u00e9rence architecturale, unique dans les Alpes, conf\u00e8re \u00e0 M\u00e9ribel une atmosph\u00e8re chaleureuse, intacte et imm\u00e9diatement reconnaissable.\t\t\t\t\t\t\t\t<\/div>\n\t\t\t\t<\/div>\n\t\t\t\t<\/div>\n\t\t<div data-dce-background-image-url=\"https:\/\/meribel-3v.com\/wp-content\/uploads\/Phot-Meribel-lart-Station-Exclusive.jpg\" class=\"elementor-element elementor-element-8674950 e-con-full e-flex e-con e-child\" data-id=\"8674950\" data-element_type=\"container\" data-e-type=\"container\" data-settings=\"{&quot;background_background&quot;:&quot;classic&quot;}\">\n\t\t\t\t<\/div>\n\t\t\t\t<\/div>\n\t\t<div class=\"elementor-element elementor-element-6a814ca e-con-full e-flex e-con e-child\" data-id=\"6a814ca\" data-element_type=\"container\" data-e-type=\"container\">\n\t\t<div data-dce-background-image-url=\"https:\/\/meribel-3v.com\/wp-content\/uploads\/Photo-MEribel-lart-Hebergements-dexception-scaled.jpg\" class=\"elementor-element elementor-element-863b5e1 e-con-full e-flex e-con e-child\" data-id=\"863b5e1\" data-element_type=\"container\" data-e-type=\"container\" data-settings=\"{&quot;background_background&quot;:&quot;classic&quot;}\">\n\t\t\t\t<\/div>\n\t\t<div class=\"elementor-element elementor-element-7f4eb72 e-con-full e-flex e-con e-child\" data-id=\"7f4eb72\" data-element_type=\"container\" data-e-type=\"container\" data-settings=\"{&quot;background_background&quot;:&quot;classic&quot;}\">\n\t\t\t\t<div data-dce-title-color=\"#FFFFFF\" class=\"elementor-element elementor-element-430c5d7 animated-slow elementor-widget-mobile__width-initial elementor-invisible elementor-widget elementor-widget-heading\" data-id=\"430c5d7\" data-element_type=\"widget\" data-e-type=\"widget\" data-settings=\"{&quot;_animation&quot;:&quot;fadeIn&quot;}\" data-widget_type=\"heading.default\">\n\t\t\t\t<div class=\"elementor-widget-container\">\n\t\t\t\t\t<h3 class=\"elementor-heading-title elementor-size-default\">Des h\u00e9bergements d\u2019exception, entre authenticit\u00e9 et modernit\u00e9<\/h3>\t\t\t\t<\/div>\n\t\t\t\t<\/div>\n\t\t\t\t<div class=\"elementor-element elementor-element-09483c6 animated-slow elementor-invisible elementor-widget elementor-widget-text-editor\" data-id=\"09483c6\" data-element_type=\"widget\" data-e-type=\"widget\" data-settings=\"{&quot;_animation&quot;:&quot;fadeIn&quot;}\" data-widget_type=\"text-editor.default\">\n\t\t\t\t<div class=\"elementor-widget-container\">\n\t\t\t\t\t\t\t\t\tLa station abrite certains des chalets priv\u00e9s les plus remarquables des Alpes. Chalets de prestige dot\u00e9s de spas, piscines, cin\u00e9mas ou salles de fitness, r\u00e9sidences haut de gamme offrant vues panoramiques et confort absolu, appartements premium aux finitions irr\u00e9prochables : chaque lieu refl\u00e8te l\u2019esprit de M\u00e9ribel, m\u00ealant chaleur du bois, \u00e9l\u00e9gance des mati\u00e8res nobles et harmonie avec la montagne environnante.\t\t\t\t\t\t\t\t<\/div>\n\t\t\t\t<\/div>\n\t\t\t\t<\/div>\n\t\t\t\t<\/div>\n\t\t<div class=\"elementor-element elementor-element-e64fa1c e-con-full e-flex e-con e-child\" data-id=\"e64fa1c\" data-element_type=\"container\" data-e-type=\"container\">\n\t\t<div class=\"elementor-element elementor-element-da34c23 e-con-full e-flex e-con e-child\" data-id=\"da34c23\" data-element_type=\"container\" data-e-type=\"container\" data-settings=\"{&quot;background_background&quot;:&quot;classic&quot;}\">\n\t\t\t\t<div data-dce-title-color=\"#FFFFFF\" class=\"elementor-element elementor-element-821cbf7 animated-slow elementor-widget-mobile__width-initial elementor-invisible elementor-widget elementor-widget-heading\" data-id=\"821cbf7\" data-element_type=\"widget\" data-e-type=\"widget\" data-settings=\"{&quot;_animation&quot;:&quot;fadeIn&quot;}\" data-widget_type=\"heading.default\">\n\t\t\t\t<div class=\"elementor-widget-container\">\n\t\t\t\t\t<h3 class=\"elementor-heading-title elementor-size-default\">Des services sur mesure, pens\u00e9s pour une exp\u00e9rience sans effort<\/h3>\t\t\t\t<\/div>\n\t\t\t\t<\/div>\n\t\t\t\t<div class=\"elementor-element elementor-element-01e152b animated-slow elementor-invisible elementor-widget elementor-widget-text-editor\" data-id=\"01e152b\" data-element_type=\"widget\" data-e-type=\"widget\" data-settings=\"{&quot;_animation&quot;:&quot;fadeIn&quot;}\" data-widget_type=\"text-editor.default\">\n\t\t\t\t<div class=\"elementor-widget-container\">\n\t\t\t\t\t\t\t\t\tNotre conciergerie accompagne chaque s\u00e9jour \u00e0 M\u00e9ribel avec une approche r\u00e9solument personnalis\u00e9e. Selon vos attentes, nous organisons avec pr\u00e9cision les transferts priv\u00e9s \u2014 chauffeurs, h\u00e9licopt\u00e8res ou jets \u2014, les interventions de chefs priv\u00e9s ou la r\u00e9servation de tables \u00e9toil\u00e9es, les services de m\u00e9nage, de gouvernante ou d\u2019h\u00f4tellerie en chalet, ainsi que les soins bien-\u00eatre prodigu\u00e9s par des sp\u00e9cialistes. Nous orchestrons \u00e9galement des activit\u00e9s sur mesure, telles que l\u2019h\u00e9liski, les chiens de tra\u00eeneaux, les vols panoramiques ou les excursions priv\u00e9es. Chaque demande, m\u00eame la plus sp\u00e9cifique, est anticip\u00e9e avec discr\u00e9tion et efficacit\u00e9.\t\t\t\t\t\t\t\t<\/div>\n\t\t\t\t<\/div>\n\t\t\t\t<\/div>\n\t\t<div data-dce-background-image-url=\"https:\/\/meribel-3v.com\/wp-content\/uploads\/Photo-Meribel-lart-des-services-dexception-scaled.jpg\" class=\"elementor-element elementor-element-29590b5 e-con-full e-flex e-con e-child\" data-id=\"29590b5\" data-element_type=\"container\" data-e-type=\"container\" data-settings=\"{&quot;background_background&quot;:&quot;classic&quot;}\">\n\t\t\t\t<\/div>\n\t\t\t\t<\/div>\n\t\t<div class=\"elementor-element elementor-element-29c7d1b e-con-full e-flex e-con e-child\" data-id=\"29c7d1b\" data-element_type=\"container\" data-e-type=\"container\">\n\t\t<div data-dce-background-image-url=\"https:\/\/meribel-3v.com\/wp-content\/uploads\/Photo-Meribel-lart-acces-privilegie.jpg\" class=\"elementor-element elementor-element-b6d741f e-con-full e-flex e-con e-child\" data-id=\"b6d741f\" data-element_type=\"container\" data-e-type=\"container\" data-settings=\"{&quot;background_background&quot;:&quot;classic&quot;}\">\n\t\t\t\t<\/div>\n\t\t<div class=\"elementor-element elementor-element-43fd6fb e-con-full e-flex e-con e-child\" data-id=\"43fd6fb\" data-element_type=\"container\" data-e-type=\"container\" data-settings=\"{&quot;background_background&quot;:&quot;classic&quot;}\">\n\t\t\t\t<div data-dce-title-color=\"#FFFFFF\" class=\"elementor-element elementor-element-a3aed8a animated-slow elementor-widget-mobile__width-initial elementor-invisible elementor-widget elementor-widget-heading\" data-id=\"a3aed8a\" data-element_type=\"widget\" data-e-type=\"widget\" data-settings=\"{&quot;_animation&quot;:&quot;fadeIn&quot;}\" data-widget_type=\"heading.default\">\n\t\t\t\t<div class=\"elementor-widget-container\">\n\t\t\t\t\t<h3 class=\"elementor-heading-title elementor-size-default\">Un acc\u00e8s privil\u00e9gi\u00e9 au plus beau domaine skiable du monde<\/h3>\t\t\t\t<\/div>\n\t\t\t\t<\/div>\n\t\t\t\t<div class=\"elementor-element elementor-element-406b254 animated-slow elementor-invisible elementor-widget elementor-widget-text-editor\" data-id=\"406b254\" data-element_type=\"widget\" data-e-type=\"widget\" data-settings=\"{&quot;_animation&quot;:&quot;fadeIn&quot;}\" data-widget_type=\"text-editor.default\">\n\t\t\t\t<div class=\"elementor-widget-container\">\n\t\t\t\t\t\t\t\t\tSitu\u00e9e au c\u0153ur des 3 Vall\u00e9es, M\u00e9ribel offre un acc\u00e8s direct \u00e0 plus de 600 km de pistes d\u2019exception. Le domaine se distingue par ses paysages grandioses, ses pistes fluides et \u00e9l\u00e9gantes, la qualit\u00e9 remarquable de sa neige et sa connexion imm\u00e9diate aux stations les plus prestigieuses. Que l\u2019on soit skieur passionn\u00e9 ou amateur, M\u00e9ribel propose un terrain de jeu incomparable, sublim\u00e9 par un environnement naturel d\u2019une rare beaut\u00e9.\t\t\t\t\t\t\t\t<\/div>\n\t\t\t\t<\/div>\n\t\t\t\t<\/div>\n\t\t\t\t<\/div>\n\t\t\t\t\t<\/div>\n\t\t\t\t<\/div>\n\t\t<div data-dce-background-image-url=\"https:\/\/meribel-3v.com\/wp-content\/uploads\/meribel-3v-hero.jpg\" class=\"elementor-element elementor-element-5818bc6 e-flex e-con-boxed e-con e-parent\" data-id=\"5818bc6\" data-element_type=\"container\" data-e-type=\"container\" data-settings=\"{&quot;background_background&quot;:&quot;classic&quot;}\">\n\t\t\t\t\t<div class=\"e-con-inner\">\n\t\t\t\t<div data-dce-title-color=\"#FFFFFF\" class=\"elementor-element elementor-element-dee2c11 animated-slow elementor-widget-mobile__width-initial elementor-invisible elementor-widget elementor-widget-heading\" data-id=\"dee2c11\" data-element_type=\"widget\" data-e-type=\"widget\" data-settings=\"{&quot;_animation&quot;:&quot;fadeIn&quot;}\" data-widget_type=\"heading.default\">\n\t\t\t\t<div class=\"elementor-widget-container\">\n\t\t\t\t\t<h3 class=\"elementor-heading-title elementor-size-default\">M\u00e9ribel, votre signature alpine<\/h3>\t\t\t\t<\/div>\n\t\t\t\t<\/div>\n\t\t\t\t<div class=\"elementor-element elementor-element-e171418 animated-slow elementor-invisible elementor-widget elementor-widget-text-editor\" data-id=\"e171418\" data-element_type=\"widget\" data-e-type=\"widget\" data-settings=\"{&quot;_animation&quot;:&quot;fadeIn&quot;}\" data-widget_type=\"text-editor.default\">\n\t\t\t\t<div class=\"elementor-widget-container\">\n\t\t\t\t\t\t\t\t\tVivre M\u00e9ribel, c\u2019est choisir un luxe qui pr\u00e9f\u00e8re la sinc\u00e9rit\u00e9 \u00e0 l\u2019ostentation, la qualit\u00e9 au superflu, l\u2019\u00e9motion \u00e0 l\u2019effet. C\u2019est ici que votre s\u00e9jour devient une exp\u00e9rience profond\u00e9ment personnelle, fa\u00e7onn\u00e9e sur mesure, port\u00e9e par la douceur, la discr\u00e9tion et l\u2019exigence de notre service.C\u2019est ici que votre s\u00e9jour devient une exp\u00e9rience profond\u00e9ment personnelle, fa\u00e7onn\u00e9e sur mesure, port\u00e9e par la douceur, la discr\u00e9tion et l\u2019exigence de notre service.\t\t\t\t\t\t\t\t<\/div>\n\t\t\t\t<\/div>\n\t\t\t\t<div class=\"elementor-element elementor-element-5b06c6d animated-slow elementor-invisible elementor-widget elementor-widget-button\" data-id=\"5b06c6d\" data-element_type=\"widget\" data-e-type=\"widget\" data-settings=\"{&quot;_animation&quot;:&quot;fadeIn&quot;}\" data-widget_type=\"button.default\">\n\t\t\t\t<div class=\"elementor-widget-container\">\n\t\t\t\t\t\t\t\t\t<div class=\"elementor-button-wrapper\">\n\t\t\t\t\t<a class=\"elementor-button elementor-button-link elementor-size-sm\" href=\"\/en\/#offres\">\n\t\t\t\t\t\t<span class=\"elementor-button-content-wrapper\">\n\t\t\t\t\t\t\t\t\t<span class=\"elementor-button-text\">Nos Offres<\/span>\n\t\t\t\t\t<\/span>\n\t\t\t\t\t<\/a>\n\t\t\t\t<\/div>\n\t\t\t\t\t\t\t\t<\/div>\n\t\t\t\t<\/div>\n\t\t\t\t\t<\/div>\n\t\t\t\t<\/div>\n\t\t\t\t<\/div>","protected":false},"excerpt":{"rendered":"<p>M\u00e9ribel : L\u2019art du luxe alpin \u00c9crin confidentiel au c\u0153ur des 3 Vall\u00e9es, M\u00e9ribel est bien plus qu\u2019une station : c\u2019est une signature. Une destination rare o\u00f9 l\u2019\u00e9l\u00e9gance naturelle rencontre la sophistication, o\u00f9 chaque d\u00e9tail est pens\u00e9 pour celles et ceux qui recherchent avant tout la beaut\u00e9, la discr\u00e9tion et l\u2019excellence. Une histoire fa\u00e7onn\u00e9e par [&hellip;]<\/p>\n","protected":false},"author":1,"featured_media":0,"parent":0,"menu_order":0,"comment_status":"closed","ping_status":"closed","template":"","meta":{"_acf_changed":false,"footnotes":""},"class_list":["post-3677","page","type-page","status-publish","hentry"],"acf":[],"_links":{"self":[{"href":"https:\/\/meribel-3v.com\/en\/wp-json\/wp\/v2\/pages\/3677","targetHints":{"allow":["GET"]}}],"collection":[{"href":"https:\/\/meribel-3v.com\/en\/wp-json\/wp\/v2\/pages"}],"about":[{"href":"https:\/\/meribel-3v.com\/en\/wp-json\/wp\/v2\/types\/page"}],"author":[{"embeddable":true,"href":"https:\/\/meribel-3v.com\/en\/wp-json\/wp\/v2\/users\/1"}],"replies":[{"embeddable":true,"href":"https:\/\/meribel-3v.com\/en\/wp-json\/wp\/v2\/comments?post=3677"}],"version-history":[{"count":28,"href":"https:\/\/meribel-3v.com\/en\/wp-json\/wp\/v2\/pages\/3677\/revisions"}],"predecessor-version":[{"id":3778,"href":"https:\/\/meribel-3v.com\/en\/wp-json\/wp\/v2\/pages\/3677\/revisions\/3778"}],"wp:attachment":[{"href":"https:\/\/meribel-3v.com\/en\/wp-json\/wp\/v2\/media?parent=3677"}],"curies":[{"name":"wp","href":"https:\/\/api.w.org\/{rel}","templated":true}]}}